{"id":1473,"date":"2024-05-09T23:47:05","date_gmt":"2024-05-09T21:47:05","guid":{"rendered":"https:\/\/gecelca.systemweb.co\/?page_id=1473"},"modified":"2025-04-04T18:49:36","modified_gmt":"2025-04-04T16:49:36","slug":"convocatorias","status":"publish","type":"page","link":"https:\/\/gecelca.com.co\/en\/convocatorias\/","title":{"rendered":"calls"},"content":{"rendered":"<p>[et_pb_section fb_built=\u00bb1&#8243; _builder_version=\u00bb4.25.0&#8243; _module_preset=\u00bbdefault\u00bb use_background_color_gradient=\u00bbon\u00bb background_color_gradient_direction=\u00bb120deg\u00bb background_color_gradient_stops=\u00bb#154280 60%|#0e9153 100%\u00bb custom_padding=\u00bb0px||0px||false|false\u00bb global_module=\u00bb953&#8243; saved_tabs=\u00bball\u00bb global_colors_info=\u00bb{}\u00bb][et_pb_row _builder_version=\u00bb4.25.0&#8243; _module_preset=\u00bbdefault\u00bb custom_padding=\u00bb10px||0px||false|false\u00bb global_colors_info=\u00bb{}\u00bb][et_pb_column type=\u00bb4_4&#8243; _builder_version=\u00bb4.25.0&#8243; _module_preset=\u00bbdefault\u00bb global_colors_info=\u00bb{}\u00bb][dmpro_breadcrumbs bc_home_icon=\u00bbon\u00bb bc_separator_icon=\u00bb&#x35;||divi||400&#8243; bc_schema=\u00bboff\u00bb bc_separator_color=\u00bb#FFFFFF\u00bb bc_item_padding=\u00bb0px|0px|0px|0px|false|false\u00bb _builder_version=\u00bb4.25.0&#8243; _module_preset=\u00bbdefault\u00bb items_font=\u00bb|700|||||||\u00bb items_text_color=\u00bb#FFFFFF\u00bb background_enable_color=\u00bboff\u00bb custom_margin=\u00bb-2px|||||\u00bb custom_padding=\u00bb||4px||false|false\u00bb global_colors_info=\u00bb{}\u00bb][\/dmpro_breadcrumbs][\/et_pb_column][\/et_pb_row][\/et_pb_section][et_pb_section fb_built=\u00bb1&#8243; module_id=\u00bbvinner\u00bb _builder_version=\u00bb4.25.0&#8243; _module_preset=\u00bbdefault\u00bb custom_padding=\u00bb0px||0px|||\u00bb custom_css_free_form=\u00bb#vinner .et_pb_blurb_container {||  padding-left: 0px !important;||}\u00bb global_colors_info=\u00bb{}\u00bb][et_pb_row column_structure=\u00bb1_2,1_2&#8243; _builder_version=\u00bb4.25.1&#8243; _module_preset=\u00bbdefault\u00bb custom_padding=\u00bb0px|||||\u00bb hover_enabled=\u00bb0&#8243; global_colors_info=\u00bb{}\u00bb max_width=\u00bb1490px\u00bb sticky_enabled=\u00bb0&#8243;][et_pb_column type=\u00bb1_2&#8243; _builder_version=\u00bb4.25.0&#8243; _module_preset=\u00bbdefault\u00bb global_colors_info=\u00bb{}\u00bb][et_pb_text _builder_version=\u00bb4.25.1&#8243; _module_preset=\u00bbdefault\u00bb header_2_text_color=\u00bb#154280&#8243; custom_margin=\u00bb46px||||false|false\u00bb hover_enabled=\u00bb0&#8243; global_colors_info=\u00bb{}\u00bb sticky_enabled=\u00bb0&#8243; header_2_font=\u00bb|700|||||||\u00bb header_2_font_size=\u00bb30px\u00bb text_font_size=\u00bb16px\u00bb text_letter_spacing=\u00bb1px\u00bb]<\/p>\n<h2>Solicitud de ofertas<\/h2>\n<p style=\"text-align: justify;\">Los proveedores que deseen participar en nuestras solicitudes abiertas de oferta, deber\u00e1n ingresar en el siguiente enlace y cumplir con los siguientes requisitos:<\/p>\n<p>[\/et_pb_text][et_pb_button button_url=\u00bbhttps:\/\/www.gecelca.leydegarantias.strattegi.com\/\u00bb url_new_window=\u00bbon\u00bb button_text=\u00bbSolicitud de ofertas\u00bb button_alignment=\u00bbcenter\u00bb _builder_version=\u00bb4.25.1&#8243; _module_preset=\u00bbdefault\u00bb custom_button=\u00bbon\u00bb button_text_color=\u00bb#F7F7F7&#8243; button_bg_use_color_gradient=\u00bbon\u00bb button_bg_color_gradient_direction=\u00bb120deg\u00bb button_bg_color_gradient_stops=\u00bb#154280 35%|#0e9153 100%\u00bb button_border_radius=\u00bb12px\u00bb global_colors_info=\u00bb{}\u00bb][\/et_pb_button][et_pb_blurb use_icon=\u00bbon\u00bb font_icon=\u00bb&#xe052;||divi||400&#8243; icon_color=\u00bb#154280&#8243; icon_placement=\u00bbleft\u00bb image_icon_width=\u00bb24px\u00bb _builder_version=\u00bb4.25.1&#8243; _module_preset=\u00bbdefault\u00bb header_line_height=\u00bb1.4em\u00bb custom_css_main_element=\u00bbpadding-left: 0px !important;\u00bb locked=\u00bboff\u00bb global_colors_info=\u00bb{}\u00bb body_font_size=\u00bb16px\u00bb body_letter_spacing=\u00bb1px\u00bb body_text_align=\u00bbjustify\u00bb content_max_width=\u00bb985px\u00bb hover_enabled=\u00bb0&#8243; sticky_enabled=\u00bb0&#8243;]<\/p>\n<p>Estar registrados y activos en la Base de Datos de Proveedores de GECELCA y\/o GECELCA 3. Recomendamos realizar este registro con tres (3) d\u00edas h\u00e1biles de anticipaci\u00f3n a la fecha de cierre del proceso de contrataci\u00f3n, puesto que sin este requisito no podr\u00e1n tener acceso a la Plataforma de Contrataci\u00f3n de GECELCA.<\/p>\n<p>[\/et_pb_blurb][et_pb_blurb use_icon=\u00bbon\u00bb font_icon=\u00bb&#xe052;||divi||400&#8243; icon_color=\u00bb#154280&#8243; icon_placement=\u00bbleft\u00bb image_icon_width=\u00bb24px\u00bb _builder_version=\u00bb4.25.1&#8243; _module_preset=\u00bbdefault\u00bb header_line_height=\u00bb1.4em\u00bb hover_enabled=\u00bb0&#8243; custom_css_main_element=\u00bbpadding-left: 0px !important;\u00bb locked=\u00bboff\u00bb global_colors_info=\u00bb{}\u00bb body_font_size=\u00bb16px\u00bb body_letter_spacing=\u00bb1px\u00bb body_text_align=\u00bbjustify\u00bb sticky_enabled=\u00bb0&#8243; content_max_width=\u00bb863px\u00bb]<\/p>\n<p><span>Para la aceptaci\u00f3n, deber\u00e1 diligenciar toda la informaci\u00f3n y suministrar todos los documentos solicitados, en caso contrario su registro en la Base de Datos no podr\u00e1 ser procesado. Solo se aceptar\u00e1n aquellas empresas con m\u00ednimo dos (2) a\u00f1os de constituci\u00f3n legal y que no se encuentren reportadas en ninguna de las listas restrictivas de lavado de activos, financiaci\u00f3n del terrorismo, actividades il\u00edcitas y otros riesgos, y cumplan con los dem\u00e1s requisitos requeridos. Si desea realizar su registro o actualizaci\u00f3n debe ingresar al <strong>siguiente <\/strong><\/span><span><strong>enlace: <\/strong>\u00a0<\/span><a href=\"http:\/\/www.gecelca.procesos.strattegi.com\/index.aspx\">http:\/\/www.gecelca.procesos.strattegi.com\/index.aspx<\/a><\/p>\n<p>NOTA: Todas las empresas sin importar su estado deber\u00e1n ingresar al enlace y crear su usuario administrador; este usuario les permitir\u00e1 administrar su informaci\u00f3n, datos de contacto y todo lo relacionado a su empresa.<\/p>\n<p>[\/et_pb_blurb][et_pb_blurb use_icon=\u00bbon\u00bb font_icon=\u00bb&#xe052;||divi||400&#8243; icon_color=\u00bb#154280&#8243; icon_placement=\u00bbleft\u00bb image_icon_width=\u00bb24px\u00bb _builder_version=\u00bb4.25.1&#8243; _module_preset=\u00bbdefault\u00bb header_line_height=\u00bb1.4em\u00bb custom_css_main_element=\u00bbpadding-left: 0px !important;\u00bb locked=\u00bboff\u00bb global_colors_info=\u00bb{}\u00bb body_font_size=\u00bb16px\u00bb body_letter_spacing=\u00bb1px\u00bb body_text_align=\u00bbjustify\u00bb content_max_width=\u00bb1025px\u00bb hover_enabled=\u00bb0&#8243; sticky_enabled=\u00bb0&#8243;]<\/p>\n<p>Los proveedores que se encuentren participando en los procesos de contrataci\u00f3n deben monitorear a trav\u00e9s de la Plataforma de Contrataci\u00f3n de GECELCA las modificaciones que se realicen a las solicitudes.<\/p>\n<p>[\/et_pb_blurb][et_pb_blurb use_icon=\u00bbon\u00bb font_icon=\u00bb&#xe052;||divi||400&#8243; icon_color=\u00bb#154280&#8243; icon_placement=\u00bbleft\u00bb image_icon_width=\u00bb24px\u00bb _builder_version=\u00bb4.25.1&#8243; _module_preset=\u00bbdefault\u00bb header_line_height=\u00bb1.4em\u00bb custom_css_main_element=\u00bbpadding-left: 0px !important;\u00bb locked=\u00bboff\u00bb global_colors_info=\u00bb{}\u00bb body_font_size=\u00bb16px\u00bb body_letter_spacing=\u00bb1px\u00bb body_text_align=\u00bbjustify\u00bb content_max_width=\u00bb1100px\u00bb hover_enabled=\u00bb0&#8243; sticky_enabled=\u00bb0&#8243;]<\/p>\n<p>GECELCA se permite informar que para considerar v\u00e1lida su propuesta debe contar con la actividad objeto del proceso de contrataci\u00f3n en el cual desee participar, registrada en su C\u00e1mara de Comercio.<\/p>\n<p>[\/et_pb_blurb][\/et_pb_column][et_pb_column type=\u00bb1_2&#8243; _builder_version=\u00bb4.25.0&#8243; _module_preset=\u00bbdefault\u00bb global_colors_info=\u00bb{}\u00bb][et_pb_image src=\u00bbhttps:\/\/limegreen-anteater-619916.hostingersite.com\/wp-content\/uploads\/2024\/05\/img-convocatoria.png\u00bb title_text=\u00bbimg-convocatoria\u00bb _builder_version=\u00bb4.25.0&#8243; _module_preset=\u00bbdefault\u00bb custom_padding=\u00bb0px|||||\u00bb global_colors_info=\u00bb{}\u00bb][\/et_pb_image][et_pb_text _builder_version=\u00bb4.25.1&#8243; _module_preset=\u00bbdefault\u00bb text_font=\u00bb|600|||||||\u00bb text_text_color=\u00bb#154280&#8243; header_5_font=\u00bb||||||||\u00bb header_5_text_color=\u00bb#154280&#8243; custom_padding=\u00bb20px|20px|20px|20px|true|true\u00bb hover_enabled=\u00bb0&#8243; box_shadow_style=\u00bbpreset2&#8243; global_colors_info=\u00bb{}\u00bb sticky_enabled=\u00bb0&#8243;]<\/p>\n<h5><strong>Durante el periodo de Ley de Garant\u00edas los procesos de contrataci\u00f3n se realizar\u00e1n bajo esta modalidad.<\/strong><\/h5>\n<p>[\/et_pb_text][\/et_pb_column][\/et_pb_row][et_pb_row column_structure=\u00bb1_2,1_2&#8243; _builder_version=\u00bb4.25.1&#8243; _module_preset=\u00bbdefault\u00bb custom_padding=\u00bb0px|||||\u00bb hover_enabled=\u00bb0&#8243; global_colors_info=\u00bb{}\u00bb max_width=\u00bb1490px\u00bb sticky_enabled=\u00bb0&#8243;][et_pb_column type=\u00bb1_2&#8243; _builder_version=\u00bb4.25.0&#8243; _module_preset=\u00bbdefault\u00bb global_colors_info=\u00bb{}\u00bb][et_pb_text _builder_version=\u00bb4.25.1&#8243; _module_preset=\u00bbdefault\u00bb header_2_text_color=\u00bb#154280&#8243; custom_margin=\u00bb46px||||false|false\u00bb hover_enabled=\u00bb0&#8243; global_colors_info=\u00bb{}\u00bb sticky_enabled=\u00bb0&#8243; header_2_font=\u00bb|700|||||||\u00bb header_2_font_size=\u00bb30px\u00bb text_font_size=\u00bb16px\u00bb text_letter_spacing=\u00bb1px\u00bb]<\/p>\n<h2>Solicitud Abierta de Ofertas<\/h2>\n<p style=\"text-align: justify;\">Los procesos de contrataci\u00f3n que GECELCA S.A E.S.P. adela bajo la modalidad de solicitud abierta de ofertas, se rigen por el Reglamento de Contrataci\u00f3n.<\/p>\n<p>[\/et_pb_text][et_pb_button button_url=\u00bbhttps:\/\/www.gecelca.leydegarantias.strattegi.com\/\u00bb url_new_window=\u00bbon\u00bb button_text=\u00bbSolicitud de ofertas\u00bb button_alignment=\u00bbcenter\u00bb _builder_version=\u00bb4.25.1&#8243; _module_preset=\u00bbdefault\u00bb custom_button=\u00bbon\u00bb button_text_color=\u00bb#F7F7F7&#8243; button_bg_use_color_gradient=\u00bbon\u00bb button_bg_color_gradient_direction=\u00bb120deg\u00bb button_bg_color_gradient_stops=\u00bb#154280 35%|#0e9153 100%\u00bb button_border_radius=\u00bb12px\u00bb global_colors_info=\u00bb{}\u00bb][\/et_pb_button][et_pb_text _builder_version=\u00bb4.25.1&#8243; _module_preset=\u00bbdefault\u00bb header_2_text_color=\u00bb#154280&#8243; custom_margin=\u00bb46px||||false|false\u00bb hover_enabled=\u00bb0&#8243; global_colors_info=\u00bb{}\u00bb sticky_enabled=\u00bb0&#8243; header_2_font=\u00bb|700|||||||\u00bb header_2_font_size=\u00bb30px\u00bb text_font_size=\u00bb16px\u00bb text_letter_spacing=\u00bb1px\u00bb]<\/p>\n<p style=\"text-align: justify;\">Los proveedores que deseen participar, deber\u00e1n cumplir con los siguientes requisitos:.<\/p>\n<p>[\/et_pb_text][et_pb_blurb use_icon=\u00bbon\u00bb font_icon=\u00bb&#xe052;||divi||400&#8243; icon_color=\u00bb#154280&#8243; icon_placement=\u00bbleft\u00bb image_icon_width=\u00bb24px\u00bb _builder_version=\u00bb4.25.1&#8243; _module_preset=\u00bbdefault\u00bb header_line_height=\u00bb1.4em\u00bb custom_css_main_element=\u00bbpadding-left: 0px !important;\u00bb locked=\u00bboff\u00bb global_colors_info=\u00bb{}\u00bb body_font_size=\u00bb16px\u00bb body_letter_spacing=\u00bb1px\u00bb body_text_align=\u00bbjustify\u00bb content_max_width=\u00bb985px\u00bb hover_enabled=\u00bb0&#8243; sticky_enabled=\u00bb0&#8243;]Manifestar inter\u00e9s en el proceso en el cual desee participar.[\/et_pb_blurb][et_pb_blurb use_icon=\u00bbon\u00bb font_icon=\u00bb&#xe052;||divi||400&#8243; icon_color=\u00bb#154280&#8243; icon_placement=\u00bbleft\u00bb image_icon_width=\u00bb24px\u00bb _builder_version=\u00bb4.25.1&#8243; _module_preset=\u00bbdefault\u00bb header_line_height=\u00bb1.4em\u00bb hover_enabled=\u00bb0&#8243; custom_css_main_element=\u00bbpadding-left: 0px !important;\u00bb locked=\u00bboff\u00bb global_colors_info=\u00bb{}\u00bb body_font_size=\u00bb16px\u00bb body_letter_spacing=\u00bb1px\u00bb body_text_align=\u00bbjustify\u00bb sticky_enabled=\u00bb0&#8243; content_max_width=\u00bb863px\u00bb]<span>Registrarse en la Base de Datos de Proveedores, antes de la fecha de cierre de la solicitud abierta de ofertas. Consultar link Registro de Proveedores.[\/et_pb_blurb][et_pb_blurb use_icon=\u00bbon\u00bb font_icon=\u00bb&#xe052;||divi||400&#8243; icon_color=\u00bb#154280&#8243; icon_placement=\u00bbleft\u00bb image_icon_width=\u00bb24px\u00bb _builder_version=\u00bb4.25.1&#8243; _module_preset=\u00bbdefault\u00bb header_line_height=\u00bb1.4em\u00bb custom_css_main_element=\u00bbpadding-left: 0px !important;\u00bb locked=\u00bboff\u00bb global_colors_info=\u00bb{}\u00bb body_font_size=\u00bb16px\u00bb body_letter_spacing=\u00bb1px\u00bb body_text_align=\u00bbjustify\u00bb content_max_width=\u00bb1025px\u00bb hover_enabled=\u00bb0&#8243; sticky_enabled=\u00bb0&#8243;]Los proveedores registrados y que no han actualizado la informaci\u00f3n correspondiente a la vigencia fiscal actual, deben hacerlo. Consultar link Registro de Proveedores.[\/et_pb_blurb][et_pb_text _builder_version=\u00bb4.25.1&#8243; _module_preset=\u00bbdefault\u00bb header_2_text_color=\u00bb#154280&#8243; custom_margin=\u00bb46px||||false|false\u00bb hover_enabled=\u00bb0&#8243; global_colors_info=\u00bb{}\u00bb sticky_enabled=\u00bb0&#8243; header_2_font=\u00bb|700|||||||\u00bb header_2_font_size=\u00bb30px\u00bb text_font_size=\u00bb16px\u00bb text_letter_spacing=\u00bb1px\u00bb]<\/p>\n<p style=\"text-align: justify;\">Los proveedores que se encuentren participando en los procesos, deben monitorear a trav\u00e9s de la p\u00e1gina web las modificaciones que se realicen a las solicitudes.<\/p>\n<p>[\/et_pb_text][\/et_pb_column][et_pb_column type=\u00bb1_2&#8243; _builder_version=\u00bb4.25.0&#8243; _module_preset=\u00bbdefault\u00bb global_colors_info=\u00bb{}\u00bb][et_pb_image src=\u00bbhttps:\/\/limegreen-anteater-619916.hostingersite.com\/wp-content\/uploads\/2024\/05\/img-convocatoria.png\u00bb title_text=\u00bbimg-convocatoria\u00bb _builder_version=\u00bb4.25.0&#8243; _module_preset=\u00bbdefault\u00bb custom_padding=\u00bb0px|||||\u00bb global_colors_info=\u00bb{}\u00bb][\/et_pb_image][et_pb_text _builder_version=\u00bb4.25.1&#8243; _module_preset=\u00bbdefault\u00bb text_font=\u00bb|600|||||||\u00bb text_text_color=\u00bb#154280&#8243; header_5_font=\u00bb||||||||\u00bb header_5_text_color=\u00bb#154280&#8243; custom_padding=\u00bb20px|20px|20px|20px|true|true\u00bb hover_enabled=\u00bb0&#8243; box_shadow_style=\u00bbpreset2&#8243; global_colors_info=\u00bb{}\u00bb sticky_enabled=\u00bb0&#8243;]<\/p>\n<h5><strong>Durante el periodo de Ley de Garant\u00edas los procesos de contrataci\u00f3n se realizar\u00e1n bajo esta modalidad.<\/strong><\/h5>\n<p>[\/et_pb_text][\/et_pb_column][\/et_pb_row][\/et_pb_section]<\/p>\n","protected":false},"excerpt":{"rendered":"<p><div class=\"et_pb_module dmpro_breadcrumbs dmpro_breadcrumbs_0\">\n\t\t\t\t\n\t\t\t\t\n\t\t\t\t\n\t\t\t\t\n\t\t\t\t\n\t\t\t\t\n\t\t\t\t<div class=\"et_pb_module_inner\">\n\t\t\t\t\t<div class=\"dmpro-breadcrumbs\">\n                <ul >\n                    \t\n                    <li  class=\"dmpro-breadcrumb-item dmpro-breadcrumb-home\">\n                                    <a  href=\"https:\/\/gecelca.com.co\/en\">\n                        <span >\n                            <span class=\"et-pb-icon dmpro-home-icon\"><\/span>                            Gecelca                        <\/span>\n                    <\/a>\n                                            <\/li>\n\t\t\t\n            \n            <li class=\"dmpro-breadcrumb-separator\"><span class=\"et-pb-icon dmpro-separator-icon\">&#x35;<\/span><\/li>\t\t\t\n            \n                <\/ul>\n            <\/div>\n\t\t\t\t<\/div>\n\t\t\t<\/div>Solicitud de ofertas Los proveedores que deseen participar en nuestras solicitudes abiertas de oferta, deber\u00e1n ingresar en\u2026 <a href=\"https:\/\/gecelca.com.co\/en\/et_pb_layout\/header-3\/\">Read More &raquo;<\/a><\/p>\n","protected":false},"author":1,"featured_media":0,"parent":0,"menu_order":0,"comment_status":"closed","ping_status":"closed","template":"","meta":{"_et_pb_use_builder":"on","_et_pb_old_content":"","_et_gb_content_width":"","footnotes":""},"class_list":["post-1473","page","type-page","status-publish","hentry"],"_links":{"self":[{"href":"https:\/\/gecelca.com.co\/en\/wp-json\/wp\/v2\/pages\/1473","targetHints":{"allow":["GET"]}}],"collection":[{"href":"https:\/\/gecelca.com.co\/en\/wp-json\/wp\/v2\/pages"}],"about":[{"href":"https:\/\/gecelca.com.co\/en\/wp-json\/wp\/v2\/types\/page"}],"author":[{"embeddable":true,"href":"https:\/\/gecelca.com.co\/en\/wp-json\/wp\/v2\/users\/1"}],"replies":[{"embeddable":true,"href":"https:\/\/gecelca.com.co\/en\/wp-json\/wp\/v2\/comments?post=1473"}],"version-history":[{"count":10,"href":"https:\/\/gecelca.com.co\/en\/wp-json\/wp\/v2\/pages\/1473\/revisions"}],"predecessor-version":[{"id":5016,"href":"https:\/\/gecelca.com.co\/en\/wp-json\/wp\/v2\/pages\/1473\/revisions\/5016"}],"wp:attachment":[{"href":"https:\/\/gecelca.com.co\/en\/wp-json\/wp\/v2\/media?parent=1473"}],"curies":[{"name":"wp","href":"https:\/\/api.w.org\/{rel}","templated":true}]}}