{"id":2010,"date":"2024-05-14T15:16:48","date_gmt":"2024-05-14T13:16:48","guid":{"rendered":"https:\/\/gecelca.systemweb.co\/?page_id=2010"},"modified":"2025-04-04T18:54:28","modified_gmt":"2025-04-04T16:54:28","slug":"unidades-de-negocio","status":"publish","type":"page","link":"https:\/\/gecelca.com.co\/en\/unidades-de-negocio\/","title":{"rendered":"Business units"},"content":{"rendered":"<p>[et_pb_section fb_built=\u00bb1&#8243; _builder_version=\u00bb4.25.0&#8243; _module_preset=\u00bbdefault\u00bb custom_padding=\u00bb||0px|||\u00bb global_colors_info=\u00bb{}\u00bb theme_builder_area=\u00bbpost_content\u00bb][et_pb_row _builder_version=\u00bb4.25.0&#8243; _module_preset=\u00bbdefault\u00bb global_colors_info=\u00bb{}\u00bb theme_builder_area=\u00bbpost_content\u00bb][et_pb_column type=\u00bb4_4&#8243; _builder_version=\u00bb4.25.0&#8243; _module_preset=\u00bbdefault\u00bb global_colors_info=\u00bb{}\u00bb theme_builder_area=\u00bbpost_content\u00bb][et_pb_heading title=\u00bbUnidades de negocio\u00bb _builder_version=\u00bb4.25.0&#8243; _module_preset=\u00bbdefault\u00bb title_font=\u00bb|||on|||||\u00bb title_text_align=\u00bbcenter\u00bb title_text_color=\u00bb#154280&#8243; global_colors_info=\u00bb{}\u00bb theme_builder_area=\u00bbpost_content\u00bb][\/et_pb_heading][\/et_pb_column][\/et_pb_row][\/et_pb_section][et_pb_section fb_built=\u00bb1&#8243; _builder_version=\u00bb4.25.1&#8243; _module_preset=\u00bbdefault\u00bb global_colors_info=\u00bb{}\u00bb theme_builder_area=\u00bbpost_content\u00bb][et_pb_row column_structure=\u00bb1_3,1_3,1_3&#8243; _builder_version=\u00bb4.25.1&#8243; _module_preset=\u00bbdefault\u00bb global_colors_info=\u00bb{}\u00bb theme_builder_area=\u00bbpost_content\u00bb][et_pb_column type=\u00bb1_3&#8243; _builder_version=\u00bb4.25.1&#8243; _module_preset=\u00bbdefault\u00bb global_colors_info=\u00bb{}\u00bb theme_builder_area=\u00bbpost_content\u00bb][dmpro_flip_box front_title=\u00bbGeneraci\u00f3n\u00bb front_image=\u00bbhttps:\/\/limegreen-anteater-619916.hostingersite.com\/wp-content\/uploads\/2024\/04\/generacion.jpg\u00bb front_image_width=\u00bb94%\u00bb front_content=\u00bb<\/p>\n<p>Contamos con cuatro unidades de generaci\u00f3n t\u00e9rmica, aportando una capacidad instalada de 709 MW al Sistema Interconectado Nacional.<\/p>\n<p>\u00bb back_title=\u00bbGeneraci\u00f3n\u00bb use_back_button=\u00bbon\u00bb back_button_text=\u00bbConoce m\u00e1s \u00bb use_dynamic_height=\u00bbon\u00bb use_3d_effect=\u00bbon\u00bb front_side_bg_color=\u00bb#F7F7F7&#8243; back_side_bg_color=\u00bb#154280&#8243; back_side_bg_use_color_gradient=\u00bbon\u00bb back_side_bg_color_gradient_direction=\u00bb120deg\u00bb back_side_bg_color_gradient_stops=\u00bb#154280 0%|#0e9153 100%\u00bb back_side_bg_color_gradient_overlays_image=\u00bbon\u00bb back_side_bg_enable_image=\u00bboff\u00bb _builder_version=\u00bb4.25.1&#8243; _module_preset=\u00bbdefault\u00bb back_title_text_color=\u00bb#F7F7F7&#8243; custom_back_button=\u00bbon\u00bb back_button_text_color=\u00bb#FFFFFF\u00bb back_button_border_radius=\u00bb12px\u00bb custom_padding=\u00bb40px||||false|false\u00bb border_radii=\u00bbon|20px|20px|20px|20px\u00bb border_radii_front_image=\u00bbon|15px|15px|15px|15px\u00bb box_shadow_style=\u00bbpreset3&#8243; global_colors_info=\u00bb{}\u00bb theme_builder_area=\u00bbpost_content\u00bb][\/dmpro_flip_box][\/et_pb_column][et_pb_column type=\u00bb1_3&#8243; _builder_version=\u00bb4.25.1&#8243; _module_preset=\u00bbdefault\u00bb global_colors_info=\u00bb{}\u00bb theme_builder_area=\u00bbpost_content\u00bb][dmpro_flip_box front_title=\u00bbComercializaci\u00f3n de energ\u00eda y gas natural\u00bb front_image=\u00bbhttps:\/\/limegreen-anteater-619916.hostingersite.com\/wp-content\/uploads\/2024\/04\/generacion.jpg\u00bb front_image_width=\u00bb94%\u00bb front_content=\u00bb<\/p>\n<p>La comercializaci\u00f3n de gas natural se desarrolla de acuerdo a lo establecido en las Resoluciones CREG 185 y 186 de 2020<\/p>\n<p>\u00bb back_title=\u00bbComercializaci\u00f3n de energ\u00eda y gas natural\u00bb use_back_button=\u00bbon\u00bb back_button_text=\u00bbConoce m\u00e1s \u00bb use_dynamic_height=\u00bbon\u00bb use_3d_effect=\u00bbon\u00bb front_side_bg_color=\u00bb#F7F7F7&#8243; back_side_bg_color=\u00bb#154280&#8243; back_side_bg_use_color_gradient=\u00bbon\u00bb back_side_bg_color_gradient_direction=\u00bb120deg\u00bb back_side_bg_color_gradient_stops=\u00bb#154280 0%|#0e9153 100%\u00bb back_side_bg_color_gradient_overlays_image=\u00bbon\u00bb back_side_bg_enable_image=\u00bboff\u00bb _builder_version=\u00bb4.25.1&#8243; _module_preset=\u00bbdefault\u00bb back_title_text_color=\u00bb#F7F7F7&#8243; custom_back_button=\u00bbon\u00bb back_button_text_color=\u00bb#FFFFFF\u00bb back_button_border_radius=\u00bb12px\u00bb custom_padding=\u00bb40px||||false|false\u00bb border_radii=\u00bbon|20px|20px|20px|20px\u00bb border_radii_front_image=\u00bbon|15px|15px|15px|15px\u00bb box_shadow_style=\u00bbpreset3&#8243; global_colors_info=\u00bb{}\u00bb theme_builder_area=\u00bbpost_content\u00bb][\/dmpro_flip_box][\/et_pb_column][et_pb_column type=\u00bb1_3&#8243; _builder_version=\u00bb4.25.1&#8243; _module_preset=\u00bbdefault\u00bb global_colors_info=\u00bb{}\u00bb theme_builder_area=\u00bbpost_content\u00bb][dmpro_flip_box front_title=\u00bbMiner\u00eda\u00bb front_image=\u00bbhttps:\/\/limegreen-anteater-619916.hostingersite.com\/wp-content\/uploads\/2024\/05\/mineria.jpg\u00bb front_image_width=\u00bb94%\u00bb front_content=\u00bbNuestra Mina de carb\u00f3n a cielo abierto Las Palmeras, permite asegurar la disponibilidad de combustible a largo plazo para la Central T\u00e9rmica Gecelca 3.\u00bb back_title=\u00bbComercializaci\u00f3n de energ\u00eda y gas natural\u00bb use_back_button=\u00bbon\u00bb back_button_text=\u00bbConoce m\u00e1s \u00bb use_dynamic_height=\u00bbon\u00bb use_3d_effect=\u00bbon\u00bb front_side_bg_color=\u00bb#F7F7F7&#8243; back_side_bg_color=\u00bb#154280&#8243; back_side_bg_use_color_gradient=\u00bbon\u00bb back_side_bg_color_gradient_direction=\u00bb120deg\u00bb back_side_bg_color_gradient_stops=\u00bb#154280 0%|#0e9153 100%\u00bb back_side_bg_color_gradient_overlays_image=\u00bbon\u00bb back_side_bg_enable_image=\u00bboff\u00bb _builder_version=\u00bb4.25.1&#8243; _module_preset=\u00bbdefault\u00bb back_title_text_color=\u00bb#F7F7F7&#8243; custom_back_button=\u00bbon\u00bb back_button_text_color=\u00bb#FFFFFF\u00bb back_button_border_radius=\u00bb12px\u00bb custom_padding=\u00bb40px||||false|false\u00bb border_radii=\u00bbon|20px|20px|20px|20px\u00bb border_radii_front_image=\u00bbon|15px|15px|15px|15px\u00bb box_shadow_style=\u00bbpreset3&#8243; global_colors_info=\u00bb{}\u00bb theme_builder_area=\u00bbpost_content\u00bb][\/dmpro_flip_box][\/et_pb_column][\/et_pb_row][\/et_pb_section][et_pb_section fb_built=\u00bb1&#8243; _builder_version=\u00bb4.25.0&#8243; _module_preset=\u00bbdefault\u00bb background_enable_image=\u00bboff\u00bb custom_padding=\u00bb0px||44px|||\u00bb global_colors_info=\u00bb{}\u00bb theme_builder_area=\u00bbpost_content\u00bb][et_pb_row _builder_version=\u00bb4.25.0&#8243; _module_preset=\u00bbdefault\u00bb width=\u00bb100%\u00bb max_width=\u00bb100%\u00bb custom_margin=\u00bb|auto|-131px|auto||\u00bb global_colors_info=\u00bb{}\u00bb theme_builder_area=\u00bbpost_content\u00bb][et_pb_column type=\u00bb4_4&#8243; _builder_version=\u00bb4.25.0&#8243; _module_preset=\u00bbdefault\u00bb global_colors_info=\u00bb{}\u00bb theme_builder_area=\u00bbpost_content\u00bb][et_pb_image src=\u00bbhttps:\/\/limegreen-anteater-619916.hostingersite.com\/wp-content\/uploads\/2024\/04\/fondo-para-banner.png\u00bb title_text=\u00bbfondo-para-banner\u00bb _builder_version=\u00bb4.25.0&#8243; _module_preset=\u00bbdefault\u00bb global_colors_info=\u00bb{}\u00bb theme_builder_area=\u00bbpost_content\u00bb][\/et_pb_image][\/et_pb_column][\/et_pb_row][\/et_pb_section][et_pb_section fb_built=\u00bb1&#8243; _builder_version=\u00bb4.25.0&#8243; _module_preset=\u00bbdefault\u00bb background_image=\u00bbhttps:\/\/limegreen-anteater-619916.hostingersite.com\/wp-content\/uploads\/2024\/04\/fondo-banner.jpg\u00bb custom_margin=\u00bb||0px|||\u00bb global_colors_info=\u00bb{}\u00bb theme_builder_area=\u00bbpost_content\u00bb][et_pb_row _builder_version=\u00bb4.25.0&#8243; _module_preset=\u00bbdefault\u00bb background_enable_color=\u00bboff\u00bb background_enable_image=\u00bboff\u00bb width=\u00bb90%\u00bb max_width=\u00bb90%\u00bb global_colors_info=\u00bb{}\u00bb theme_builder_area=\u00bbpost_content\u00bb][et_pb_column type=\u00bb4_4&#8243; _builder_version=\u00bb4.25.0&#8243; _module_preset=\u00bbdefault\u00bb global_colors_info=\u00bb{}\u00bb theme_builder_area=\u00bbpost_content\u00bb][et_pb_slider _builder_version=\u00bb4.25.0&#8243; _module_preset=\u00bbdefault\u00bb custom_padding=\u00bb36px|||||\u00bb auto=\u00bbon\u00bb auto_speed=\u00bb4000&#8243; global_colors_info=\u00bb{}\u00bb theme_builder_area=\u00bbpost_content\u00bb][et_pb_slide heading=\u00bbComprometidos con nuestra gente\u00bb button_text=\u00bbCONOCE M\u00c1S\u00bb image=\u00bbhttps:\/\/limegreen-anteater-619916.hostingersite.com\/wp-content\/uploads\/2024\/04\/banner-gente.jpg\u00bb _builder_version=\u00bb4.25.0&#8243; _module_preset=\u00bbdefault\u00bb background_enable_color=\u00bboff\u00bb border_radii_image=\u00bbon|22px|22px|22px|22px\u00bb box_shadow_style_image=\u00bbpreset2&#8243; global_colors_info=\u00bb{}\u00bb sticky_transition=\u00bbon\u00bb theme_builder_area=\u00bbpost_content\u00bb]<\/p>\n<p>Desarrollamos actividades con las comunidades de nuestras \u00e1reas de influencia enmarcadas en cinco ejes de intervenci\u00f3n: Salud, educaci\u00f3n, recreaci\u00f3n y deporte, generaci\u00f3n de ingresos, y apoyo comunitario.<\/p>\n<p>[\/et_pb_slide][et_pb_slide heading=\u00bbComprometidos con nuestra gente\u00bb button_text=\u00bbCONOCE M\u00c1S\u00bb image=\u00bbhttps:\/\/limegreen-anteater-619916.hostingersite.com\/wp-content\/uploads\/2024\/04\/banner-asoviche.jpg\u00bb _builder_version=\u00bb4.25.0&#8243; _module_preset=\u00bbdefault\u00bb background_enable_color=\u00bboff\u00bb border_radii_image=\u00bbon|22px|22px|22px|22px\u00bb box_shadow_style_image=\u00bbpreset2&#8243; global_colors_info=\u00bb{}\u00bb sticky_transition=\u00bbon\u00bb theme_builder_area=\u00bbpost_content\u00bb]<\/p>\n<p>Desarrollamos actividades con las comunidades de nuestras \u00e1reas de influencia enmarcadas en cinco ejes de intervenci\u00f3n: Salud, educaci\u00f3n, recreaci\u00f3n y deporte, generaci\u00f3n de ingresos, y apoyo comunitario.<\/p>\n<p>[\/et_pb_slide][et_pb_slide heading=\u00bbComprometidos con nuestra gente\u00bb button_text=\u00bbCONOCE M\u00c1S\u00bb image=\u00bbhttps:\/\/limegreen-anteater-619916.hostingersite.com\/wp-content\/uploads\/2024\/04\/anciana-joven.jpeg\u00bb _builder_version=\u00bb4.25.0&#8243; _module_preset=\u00bbdefault\u00bb background_enable_color=\u00bboff\u00bb border_radii_image=\u00bbon|22px|22px|22px|22px\u00bb box_shadow_style_image=\u00bbpreset2&#8243; global_colors_info=\u00bb{}\u00bb sticky_transition=\u00bbon\u00bb theme_builder_area=\u00bbpost_content\u00bb]<\/p>\n<p>Desarrollamos actividades con las comunidades de nuestras \u00e1reas de influencia enmarcadas en cinco ejes de intervenci\u00f3n: Salud, educaci\u00f3n, recreaci\u00f3n y deporte, generaci\u00f3n de ingresos, y apoyo comunitario.<\/p>\n<p>[\/et_pb_slide][et_pb_slide heading=\u00bbComprometidos con nuestra gente\u00bb button_text=\u00bbCONOCE M\u00c1S\u00bb image=\u00bbhttps:\/\/limegreen-anteater-619916.hostingersite.com\/wp-content\/uploads\/2024\/04\/banner-chicos.jpg\u00bb _builder_version=\u00bb4.25.0&#8243; _module_preset=\u00bbdefault\u00bb background_enable_color=\u00bboff\u00bb border_radii_image=\u00bbon|22px|22px|22px|22px\u00bb box_shadow_style_image=\u00bbpreset2&#8243; global_colors_info=\u00bb{}\u00bb sticky_transition=\u00bbon\u00bb theme_builder_area=\u00bbpost_content\u00bb]<\/p>\n<p>Desarrollamos actividades con las comunidades de nuestras \u00e1reas de influencia enmarcadas en cinco ejes de intervenci\u00f3n: Salud, educaci\u00f3n, recreaci\u00f3n y deporte, generaci\u00f3n de ingresos, y apoyo comunitario.<\/p>\n<p>[\/et_pb_slide][\/et_pb_slider][\/et_pb_column][\/et_pb_row][\/et_pb_section]<\/p>\n","protected":false},"excerpt":{"rendered":"<p>[dmpro_flip_box front_title=\u00bbGeneraci\u00f3n\u00bb front_image=\u00bbhttps:\/\/limegreen-anteater-619916.hostingersite.com\/wp-content\/uploads\/2024\/04\/generacion.jpg\u00bb front_image_width=\u00bb94%\u00bb front_content=\u00bbContamos con cuatro unidades de generaci\u00f3n t\u00e9rmica, aportando una capacidad instalada de 709 MW al Sistema Interconectado Nacional.\u00bb back_title=\u00bbGeneraci\u00f3n\u00bb use_back_button=\u00bbon\u00bb back_button_text=\u00bbConoce m\u00e1s \u00bb use_dynamic_height=\u00bbon\u00bb use_3d_effect=\u00bbon\u00bb front_side_bg_color=\u00bb#F7F7F7&#8243;\u2026 <a href=\"https:\/\/gecelca.com.co\/en\/et_pb_layout\/header-3\/\">Read More &raquo;<\/a><\/p>\n","protected":false},"author":1,"featured_media":0,"parent":0,"menu_order":0,"comment_status":"closed","ping_status":"closed","template":"","meta":{"_et_pb_use_builder":"on","_et_pb_old_content":"","_et_gb_content_width":"","footnotes":""},"class_list":["post-2010","page","type-page","status-publish","hentry"],"_links":{"self":[{"href":"https:\/\/gecelca.com.co\/en\/wp-json\/wp\/v2\/pages\/2010","targetHints":{"allow":["GET"]}}],"collection":[{"href":"https:\/\/gecelca.com.co\/en\/wp-json\/wp\/v2\/pages"}],"about":[{"href":"https:\/\/gecelca.com.co\/en\/wp-json\/wp\/v2\/types\/page"}],"author":[{"embeddable":true,"href":"https:\/\/gecelca.com.co\/en\/wp-json\/wp\/v2\/users\/1"}],"replies":[{"embeddable":true,"href":"https:\/\/gecelca.com.co\/en\/wp-json\/wp\/v2\/comments?post=2010"}],"version-history":[{"count":4,"href":"https:\/\/gecelca.com.co\/en\/wp-json\/wp\/v2\/pages\/2010\/revisions"}],"predecessor-version":[{"id":5029,"href":"https:\/\/gecelca.com.co\/en\/wp-json\/wp\/v2\/pages\/2010\/revisions\/5029"}],"wp:attachment":[{"href":"https:\/\/gecelca.com.co\/en\/wp-json\/wp\/v2\/media?parent=2010"}],"curies":[{"name":"wp","href":"https:\/\/api.w.org\/{rel}","templated":true}]}}