{"id":2041,"date":"2024-05-18T16:17:48","date_gmt":"2024-05-18T14:17:48","guid":{"rendered":"https:\/\/gecelca.systemweb.co\/?page_id=2041"},"modified":"2025-04-04T18:54:45","modified_gmt":"2025-04-04T16:54:45","slug":"terminos-y-condiciones-de-uso","status":"publish","type":"page","link":"https:\/\/gecelca.com.co\/en\/terminos-y-condiciones-de-uso\/","title":{"rendered":"Terms and Conditions of Use"},"content":{"rendered":"<p>[et_pb_section fb_built=\u00bb1&#8243; _builder_version=\u00bb4.25.0&#8243; _module_preset=\u00bbdefault\u00bb use_background_color_gradient=\u00bbon\u00bb background_color_gradient_direction=\u00bb120deg\u00bb background_color_gradient_stops=\u00bb#154280 60%|#0e9153 100%\u00bb custom_padding=\u00bb0px||0px||false|false\u00bb global_module=\u00bb953&#8243; saved_tabs=\u00bball\u00bb global_colors_info=\u00bb{}\u00bb][et_pb_row _builder_version=\u00bb4.25.0&#8243; _module_preset=\u00bbdefault\u00bb custom_padding=\u00bb10px||0px||false|false\u00bb global_colors_info=\u00bb{}\u00bb][et_pb_column type=\u00bb4_4&#8243; _builder_version=\u00bb4.25.0&#8243; _module_preset=\u00bbdefault\u00bb global_colors_info=\u00bb{}\u00bb][dmpro_breadcrumbs bc_home_icon=\u00bbon\u00bb bc_separator_icon=\u00bb&#x35;||divi||400&#8243; bc_schema=\u00bboff\u00bb bc_separator_color=\u00bb#FFFFFF\u00bb bc_item_padding=\u00bb0px|0px|0px|0px|false|false\u00bb _builder_version=\u00bb4.25.0&#8243; _module_preset=\u00bbdefault\u00bb items_font=\u00bb|700|||||||\u00bb items_text_color=\u00bb#FFFFFF\u00bb background_enable_color=\u00bboff\u00bb custom_margin=\u00bb-2px|||||\u00bb custom_padding=\u00bb||4px||false|false\u00bb global_colors_info=\u00bb{}\u00bb][\/dmpro_breadcrumbs][\/et_pb_column][\/et_pb_row][\/et_pb_section][et_pb_section fb_built=\u00bb1&#8243; _builder_version=\u00bb4.25.0&#8243; _module_preset=\u00bbdefault\u00bb custom_padding=\u00bb||17px|||\u00bb global_colors_info=\u00bb{}\u00bb][et_pb_row _builder_version=\u00bb4.25.0&#8243; _module_preset=\u00bbdefault\u00bb global_colors_info=\u00bb{}\u00bb][et_pb_column type=\u00bb4_4&#8243; _builder_version=\u00bb4.25.0&#8243; _module_preset=\u00bbdefault\u00bb global_colors_info=\u00bb{}\u00bb][et_pb_heading title=\u00bbT\u00e9rminos y Condiciones de Uso\u00bb _builder_version=\u00bb4.25.1&#8243; _module_preset=\u00bbdefault\u00bb title_text_align=\u00bbcenter\u00bb title_text_color=\u00bb#154280&#8243; global_colors_info=\u00bb{}\u00bb][\/et_pb_heading][et_pb_text _builder_version=\u00bb4.25.1&#8243; _module_preset=\u00bbdefault\u00bb global_colors_info=\u00bb{}\u00bb]Apreciado Usuario,<\/p>\n<p>El sitio web de Gecelca S.A. E.S.P. tiene como funci\u00f3n publicar temas y actividades que tienen relacionadas con la misi\u00f3n, visi\u00f3n, objetivos y funciones que corresponden a su objeto social. Ha sido dise\u00f1ado para facilitar al usuario el acceso a la informaci\u00f3n y a sus servicios en l\u00ednea. Por este medio la entidad da a conocer informaci\u00f3n sobre sus servicios, gesti\u00f3n empresarial y contrataci\u00f3n, entre otros.<\/p>\n<p>Gecelca S.A. E.S.P. solicita a los usuarios que visiten este sitio web, que lean detallada y cuidadosamente, los siguientes t\u00e9rminos y condiciones de uso, antes de iniciar su utilizaci\u00f3n. Si usted no est\u00e1 de acuerdo con estas condiciones o con cualquier disposici\u00f3n de la pol\u00edtica de tratamiento de datos personales, le sugerimos respetuosamente abstenerse de navegar por el sitio web de nuestra Entidad y escribirnos inform\u00e1ndonos qu\u00e9 aspectos le generan inconformidad.[\/et_pb_text][et_pb_accordion closed_toggle_text_color=\u00bb#FFFFFF\u00bb closed_toggle_background_color=\u00bb#154280&#8243; _builder_version=\u00bb4.25.1&#8243; _module_preset=\u00bbdefault\u00bb hover_enabled=\u00bb0&#8243; custom_css_free_form=\u00bb.et_pb_toggle_close {background-image: linear-gradient(120deg, #154280 60%, #0e9153 100%) !important;}\u00bb border_radii=\u00bbon|14px|14px|14px|14px\u00bb box_shadow_style=\u00bbpreset1&#8243; global_colors_info=\u00bb{}\u00bb sticky_enabled=\u00bb0&#8243;][et_pb_accordion_item title=\u00bbAceptaci\u00f3n de los T\u00e9rminos y Condiciones de Uso\u00bb open=\u00bbon\u00bb _builder_version=\u00bb4.25.1&#8243; _module_preset=\u00bbdefault\u00bb hover_enabled=\u00bb0&#8243; global_colors_info=\u00bb{}\u00bb sticky_enabled=\u00bb0&#8243;]<\/p>\n<p><span>Al acceder, navegar o utilizar este sitio web (<a href=\"http:\/\/www.gecelca.com.co\/\" target=\"_blank\" rel=\"noopener\">www.gecelca.com.co<\/a>) el usuario admite haber le\u00eddo y entendido los t\u00e9rminos y condiciones de uso presentes en el mismo y tambi\u00e9n, manifiesta t\u00e1citamente que est\u00e1 de acuerdo con cobijarse por los mismos, al igual que por todas las leyes y normativa colombiana aplicable.<\/span><\/p>\n<p><span>Estos t\u00e9rminos y condiciones est\u00e1n sujetos a modificaciones o actualizaci\u00f3n por la propia voluntad de Gecelca S.A.<\/span><span><br \/><\/span><span>E.S.P.; Todas las operaciones que se celebren entre Gecelca S.A. E.S.P. y el usuario, se regir\u00e1n por el contenido de los t\u00e9rminos y condiciones de uso vigentes al momento de la celebraci\u00f3n<\/span><\/p>\n<p>[\/et_pb_accordion_item][et_pb_accordion_item title=\u00bbPropiedad del contenido del Sitio\u00bb _builder_version=\u00bb4.25.1&#8243; _module_preset=\u00bbdefault\u00bb hover_enabled=\u00bb0&#8243; global_colors_info=\u00bb{}\u00bb open=\u00bboff\u00bb sticky_enabled=\u00bb0&#8243;]<\/p>\n<p>Este sitio web y todo material gr\u00e1fico, publicitario, fotogr\u00e1fico, multimedia, audiovisual, inform\u00e1tico o de dise\u00f1o, as\u00ed como su contenido, son propiedad de Gecelca S.A. E.S.P. Todo contenido de propiedad de terceros que sea publicado en este sitio web cuenta con la expresa autorizaci\u00f3n de sus titulares o de la Ley. Los contenidos de esta plataforma digital est\u00e1n<\/p>\n<p><span>protegidos por las normas de Derechos de Autor, as\u00ed como todas las dem\u00e1s concordantes aplicables en materia de propiedad intelectual.<\/span><\/p>\n<p><span>Est\u00e1 prohibida la reproducci\u00f3n total o parcial de todo contenido expuesto a trav\u00e9s de este aplicativo web, as\u00ed como su<\/span><span><br \/><\/span><span>traducci\u00f3n, venta o distribuci\u00f3n, exhibici\u00f3n, inclusi\u00f3n, transmisi\u00f3n, almacenamiento o acceso a trav\u00e9s de medios anal\u00f3gicos, digitales o de cualquier tipo o sistema, sin autorizaci\u00f3n previa y escrita de Gecelca S.A. E.S.P., o de los titulares de los contenidos cuando estos pertenezcan a terceros. Sin embargo, es posible descargar material de\u00a0<\/span><a href=\"http:\/\/www.gecelca.com.co\/\" target=\"_blank\" rel=\"noopener\"><span>www.gecelca.com.co<\/span><\/a><span>\u00a0para uso pedag\u00f3gico, acad\u00e9mico y no comercial, siempre y cuando no implique lucro o \u00e1nimo comercial y adem\u00e1s, se haga expresa menci\u00f3n de la propiedad en cabeza de Gecelca S.A. E.S.P..<\/span><\/p>\n<p><span>En ning\u00fan caso, estos t\u00e9rminos y condiciones de uso confieren derechos, licencias o autorizaciones para realizar los actos expresamente prohibidos. La pr\u00e1ctica o realizaci\u00f3n de alguna de estas acciones prohibidas ir\u00e1 en contra de los presentes t\u00e9rminos y condiciones, as\u00ed como tambi\u00e9n vulnerar\u00e1 las normas sobre derechos de autor y las dem\u00e1s aplicables.<\/span><\/p>\n<p><span>Con respecto a los contenidos que aparecen en el sitio web de Gecelca S.A. E.S.P., el usuario se obliga a:<\/span><span><br \/><\/span><span>1. Usar los contenidos de forma diligente, correcta y l\u00edcita. No suprimir, eludir, o manipular derechos de autor y dem\u00e1s<\/span><span><br \/><\/span><span>datos que identifican los derechos de Gecelca S.A. E.S.P.<\/span><\/p>\n<p><span>2.No emplear los contenidos y, en particular, la informaci\u00f3n de cualquier otra clase obtenida a trav\u00e9s de Gecelca S.A. E.S.P. o de los servicios, para emitir publicidad.<\/span><\/p>\n<p><span>El sitio web de Gecelca S.A. E.S.P. otorga a sus usuarios el derecho personal, intransferible y no exclusivo para desplegar<\/span><span><br \/><\/span><span><a href=\"http:\/\/www.gecelca.com.co\/\" target=\"_blank\" rel=\"noopener\">www.gecelca.com.co<\/a>\u00a0en la pantalla de un computador, dispositivo m\u00f3vil o tableta bajo su propio control y para el uso del c\u00f3digo objeto \u2013 no del c\u00f3digo fuente \u2013. Por esta raz\u00f3n, Gecelca S.A. E.S.P., no ser\u00e1 responsable por el uso indebido que<\/span><span><br \/><\/span><span>hagan los usuarios del contenido de su sitio web.<\/span><\/p>\n<p><span>El visitante del sitio se har\u00e1 responsable por cualquier uso indebido, il\u00edcito o anormal que haga de los contenidos, informaci\u00f3n o servicios del sitio web de Gecelca S.A. E.S.P.<\/span><\/p>\n<p>[\/et_pb_accordion_item][et_pb_accordion_item title=\u00bbPropiedad Industrial\u00bb _builder_version=\u00bb4.25.1&#8243; _module_preset=\u00bbdefault\u00bb hover_enabled=\u00bb0&#8243; global_colors_info=\u00bb{}\u00bb open=\u00bboff\u00bb sticky_enabled=\u00bb0&#8243;]Toda marca, insignia, logo, nombre u otro signo distintivo, as\u00ed como los eventuales dise\u00f1os industriales y dem\u00e1s elementos de propiedad industrial o intelectual insertados, usados o desplegados en este sitio web son propiedad de Gecelca S.A. E.S.P.,<br \/>\nde terceros titulares que le hayan autorizado expresamente su uso o explotaci\u00f3n o en algunos casos, la propiedad industrial de terceros ha sido autorizada por la Ley y por lo tanto no se requiere de autorizaci\u00f3n expresa y previa del titular.[\/et_pb_accordion_item][et_pb_accordion_item title=\u00bbAlcance de la Responsabilidad\u00bb _builder_version=\u00bb4.25.1&#8243; _module_preset=\u00bbdefault\u00bb hover_enabled=\u00bb0&#8243; global_colors_info=\u00bb{}\u00bb open=\u00bboff\u00bb sticky_enabled=\u00bb0&#8243;]Gecelca S.A. E.S.P., no es o ser\u00e1 responsable por la imposibilidad de, o por problemas en, la utilizaci\u00f3n del Sitio web o de alguna de las p\u00e1ginas que lo conforman, incluyendo, pero sin limitarse a eventos tales como problemas en el servidor o en la conexi\u00f3n, interrupciones en su comunicaci\u00f3n, o problemas t\u00e9cnicos. En el evento que el uso del material de esta plataforma d\u00e9 como resultado la necesidad de dar servicio a, reparar o corregir equipo o informaci\u00f3n, el usuario asume cualquier costo derivado de ello.[\/et_pb_accordion_item][et_pb_accordion_item title=\u00bb Pol\u00edtica de tratamiento de datos personales\u00bb _builder_version=\u00bb4.25.1&#8243; _module_preset=\u00bbdefault\u00bb hover_enabled=\u00bb0&#8243; global_colors_info=\u00bb{}\u00bb open=\u00bboff\u00bb sticky_enabled=\u00bb0&#8243;]<\/p>\n<p>Gecelca S.A. E.S.P. respeta la privacidad de sus usuarios. Los datos recibidos a trav\u00e9s de los formularios del Sitio Web ser\u00e1n incorporados a una base de datos de la cual es responsable Gecelca S.A. E.S.P.<\/p>\n<p>Gecelca S.A. E.S.P. tratar\u00e1 los datos de forma confidencial y exclusivamente con la finalidad de ofrecer los servicios solicitados, con todas las garant\u00edas legales y de seguridad que impone la Constituci\u00f3n Pol\u00edtica, las normas aplicables a la<br \/>protecci\u00f3n de datos de car\u00e1cter personal y dem\u00e1s normas concordantes.<\/p>\n<p>Gecelca S.A. E.S.P. tiene publicado en el sitio web un documento denominado \u201c<strong><a href=\"https:\/\/www.gecelca.com.co\/wp-content\/uploads\/2021\/11\/POLITICA-DE-PROTECCION-DE-DATOS-PERSONALES.pdf\" target=\"_blank\" rel=\"noopener\">Pol\u00edtica de Tratamiento de Informaci\u00f3n Personal<\/a><\/strong>\u201d que regula de forma detallada estos aspectos.<\/p>\n<p>[\/et_pb_accordion_item][\/et_pb_accordion][\/et_pb_column][\/et_pb_row][\/et_pb_section]<\/p>\n","protected":false},"excerpt":{"rendered":"<p><div class=\"et_pb_module dmpro_breadcrumbs dmpro_breadcrumbs_0\">\n\t\t\t\t\n\t\t\t\t\n\t\t\t\t\n\t\t\t\t\n\t\t\t\t\n\t\t\t\t\n\t\t\t\t<div class=\"et_pb_module_inner\">\n\t\t\t\t\t<div class=\"dmpro-breadcrumbs\">\n                <ul >\n                    \t\n                    <li  class=\"dmpro-breadcrumb-item dmpro-breadcrumb-home\">\n                                    <a  href=\"https:\/\/gecelca.com.co\/en\">\n                        <span >\n                            <span class=\"et-pb-icon dmpro-home-icon\"><\/span>                            Gecelca                        <\/span>\n                    <\/a>\n                                            <\/li>\n\t\t\t\n            \n            <li class=\"dmpro-breadcrumb-separator\"><span class=\"et-pb-icon dmpro-separator-icon\">&#x35;<\/span><\/li>\t\t\t\n            \n                <\/ul>\n            <\/div>\n\t\t\t\t<\/div>\n\t\t\t<\/div>Apreciado Usuario, El sitio web de Gecelca S.A. E.S.P. tiene como funci\u00f3n publicar temas y actividades que\u2026 <a href=\"https:\/\/gecelca.com.co\/en\/et_pb_layout\/header-3\/\">Read More &raquo;<\/a><\/p>\n","protected":false},"author":1,"featured_media":0,"parent":0,"menu_order":0,"comment_status":"closed","ping_status":"closed","template":"","meta":{"_et_pb_use_builder":"on","_et_pb_old_content":"","_et_gb_content_width":"","footnotes":""},"class_list":["post-2041","page","type-page","status-publish","hentry"],"_links":{"self":[{"href":"https:\/\/gecelca.com.co\/en\/wp-json\/wp\/v2\/pages\/2041","targetHints":{"allow":["GET"]}}],"collection":[{"href":"https:\/\/gecelca.com.co\/en\/wp-json\/wp\/v2\/pages"}],"about":[{"href":"https:\/\/gecelca.com.co\/en\/wp-json\/wp\/v2\/types\/page"}],"author":[{"embeddable":true,"href":"https:\/\/gecelca.com.co\/en\/wp-json\/wp\/v2\/users\/1"}],"replies":[{"embeddable":true,"href":"https:\/\/gecelca.com.co\/en\/wp-json\/wp\/v2\/comments?post=2041"}],"version-history":[{"count":6,"href":"https:\/\/gecelca.com.co\/en\/wp-json\/wp\/v2\/pages\/2041\/revisions"}],"predecessor-version":[{"id":5030,"href":"https:\/\/gecelca.com.co\/en\/wp-json\/wp\/v2\/pages\/2041\/revisions\/5030"}],"wp:attachment":[{"href":"https:\/\/gecelca.com.co\/en\/wp-json\/wp\/v2\/media?parent=2041"}],"curies":[{"name":"wp","href":"https:\/\/api.w.org\/{rel}","templated":true}]}}